{"id":16,"date":"2018-05-20T18:01:43","date_gmt":"2018-05-20T18:01:43","guid":{"rendered":"http:\/\/www.flowerworksmarbella.com\/?page_id=16"},"modified":"2018-09-23T18:24:22","modified_gmt":"2018-09-23T18:24:22","slug":"que-ofrecemos","status":"publish","type":"page","link":"https:\/\/www.flowerworksmarbella.com\/index.php\/que-ofrecemos\/","title":{"rendered":"Qu\u00e9 ofrecemos"},"content":{"rendered":"<p>Eventos: Bodas, Celebraciones, Reuniones, Funerales<\/p>\n<p><img loading=\"lazy\" decoding=\"async\" class=\"alignnone wp-image-88 size-thumbnail\" src=\"http:\/\/www.flowerworksmarbella.com\/wp-content\/uploads\/2018\/06\/20170603_104753-e1528839751124-150x150.jpg\" alt=\"\" width=\"150\" height=\"150\" srcset=\"https:\/\/www.flowerworksmarbella.com\/wp-content\/uploads\/2018\/06\/20170603_104753-e1528839751124-150x150.jpg 150w, https:\/\/www.flowerworksmarbella.com\/wp-content\/uploads\/2018\/06\/20170603_104753-e1528839751124-100x100.jpg 100w\" sizes=\"auto, (max-width: 150px) 100vw, 150px\" \/>\u00a0 \u00a0<img loading=\"lazy\" decoding=\"async\" class=\"alignnone wp-image-90 size-thumbnail\" src=\"http:\/\/www.flowerworksmarbella.com\/wp-content\/uploads\/2018\/06\/20150415_124045-e1528914576663-150x150.jpg\" alt=\"\" width=\"150\" height=\"150\" \/>\u00a0 \u00a0<img loading=\"lazy\" decoding=\"async\" class=\"alignnone wp-image-102 size-thumbnail\" src=\"http:\/\/www.flowerworksmarbella.com\/wp-content\/uploads\/2018\/06\/20180611_154710-e1528914232753-150x150.jpg\" alt=\"\" width=\"150\" height=\"150\" srcset=\"https:\/\/www.flowerworksmarbella.com\/wp-content\/uploads\/2018\/06\/20180611_154710-e1528914232753-150x150.jpg 150w, https:\/\/www.flowerworksmarbella.com\/wp-content\/uploads\/2018\/06\/20180611_154710-e1528914232753-100x100.jpg 100w\" sizes=\"auto, (max-width: 150px) 100vw, 150px\" \/>\u00a0 \u00a0<img loading=\"lazy\" decoding=\"async\" class=\"alignnone wp-image-84 size-thumbnail\" src=\"http:\/\/www.flowerworksmarbella.com\/wp-content\/uploads\/2018\/06\/20180531_103659-e1527836547628-150x150.jpg\" alt=\"\" width=\"150\" height=\"150\" srcset=\"https:\/\/www.flowerworksmarbella.com\/wp-content\/uploads\/2018\/06\/20180531_103659-e1527836547628-150x150.jpg 150w, https:\/\/www.flowerworksmarbella.com\/wp-content\/uploads\/2018\/06\/20180531_103659-e1527836547628-100x100.jpg 100w\" sizes=\"auto, (max-width: 150px) 100vw, 150px\" \/>\u00a0 \u00a0<img loading=\"lazy\" decoding=\"async\" class=\"alignnone wp-image-99 size-thumbnail\" src=\"http:\/\/www.flowerworksmarbella.com\/wp-content\/uploads\/2018\/06\/20180604_162315-e1528915318990-150x150.jpg\" alt=\"\" width=\"150\" height=\"150\" srcset=\"https:\/\/www.flowerworksmarbella.com\/wp-content\/uploads\/2018\/06\/20180604_162315-e1528915318990-150x150.jpg 150w, https:\/\/www.flowerworksmarbella.com\/wp-content\/uploads\/2018\/06\/20180604_162315-e1528915318990-100x100.jpg 100w\" sizes=\"auto, (max-width: 150px) 100vw, 150px\" \/>\u00a0 \u00a0<img loading=\"lazy\" decoding=\"async\" class=\"alignnone wp-image-89 size-thumbnail\" src=\"http:\/\/www.flowerworksmarbella.com\/wp-content\/uploads\/2018\/06\/17052013Corona2-150x150.jpg\" alt=\"\" width=\"150\" height=\"150\" srcset=\"https:\/\/www.flowerworksmarbella.com\/wp-content\/uploads\/2018\/06\/17052013Corona2-150x150.jpg 150w, https:\/\/www.flowerworksmarbella.com\/wp-content\/uploads\/2018\/06\/17052013Corona2-100x100.jpg 100w\" sizes=\"auto, (max-width: 150px) 100vw, 150px\" \/>\u00a0 \u00a0<img loading=\"lazy\" decoding=\"async\" class=\"alignnone wp-image-106 size-thumbnail\" src=\"http:\/\/www.flowerworksmarbella.com\/wp-content\/uploads\/2018\/06\/20170513_121044-150x150.jpg\" alt=\"\" width=\"150\" height=\"150\" srcset=\"https:\/\/www.flowerworksmarbella.com\/wp-content\/uploads\/2018\/06\/20170513_121044-150x150.jpg 150w, https:\/\/www.flowerworksmarbella.com\/wp-content\/uploads\/2018\/06\/20170513_121044-100x100.jpg 100w\" sizes=\"auto, (max-width: 150px) 100vw, 150px\" \/>\u00a0 \u00a0<img loading=\"lazy\" decoding=\"async\" class=\"alignnone wp-image-96 size-thumbnail\" src=\"http:\/\/www.flowerworksmarbella.com\/wp-content\/uploads\/2018\/06\/20170515_154853-150x150.jpg\" alt=\"\" width=\"150\" height=\"150\" srcset=\"https:\/\/www.flowerworksmarbella.com\/wp-content\/uploads\/2018\/06\/20170515_154853-150x150.jpg 150w, https:\/\/www.flowerworksmarbella.com\/wp-content\/uploads\/2018\/06\/20170515_154853-100x100.jpg 100w\" sizes=\"auto, (max-width: 150px) 100vw, 150px\" \/>\u00a0 \u00a0<img loading=\"lazy\" decoding=\"async\" class=\"alignnone wp-image-92 size-thumbnail\" src=\"http:\/\/www.flowerworksmarbella.com\/wp-content\/uploads\/2018\/06\/20151231_150205-150x150.jpg\" alt=\"\" width=\"150\" height=\"150\" srcset=\"https:\/\/www.flowerworksmarbella.com\/wp-content\/uploads\/2018\/06\/20151231_150205-150x150.jpg 150w, https:\/\/www.flowerworksmarbella.com\/wp-content\/uploads\/2018\/06\/20151231_150205-100x100.jpg 100w\" sizes=\"auto, (max-width: 150px) 100vw, 150px\" \/>\u00a0<img loading=\"lazy\" decoding=\"async\" class=\"alignnone wp-image-238 size-thumbnail\" src=\"https:\/\/www.flowerworksmarbella.com\/wp-content\/uploads\/2018\/09\/20180905_144256-e1537725779432-150x150.jpg\" alt=\"\" width=\"150\" height=\"150\" \/>\u00a0<img loading=\"lazy\" decoding=\"async\" class=\"alignnone wp-image-234 size-thumbnail\" src=\"https:\/\/www.flowerworksmarbella.com\/wp-content\/uploads\/2018\/09\/20180831_162850-150x150.jpg\" alt=\"\" width=\"150\" height=\"150\" \/>\u00a0<img loading=\"lazy\" decoding=\"async\" class=\"alignnone wp-image-235 size-thumbnail\" src=\"https:\/\/www.flowerworksmarbella.com\/wp-content\/uploads\/2018\/09\/20180831_153447-150x150.jpg\" alt=\"\" width=\"150\" height=\"150\" \/><\/p>\n<p>D\u00edas se\u00f1alados: San Valent\u00edn, D\u00eda de la Madre, Cumplea\u00f1os, Aniversarios, Todos los Santos<\/p>\n<p><img loading=\"lazy\" decoding=\"async\" class=\"alignnone wp-image-68 size-thumbnail\" src=\"http:\/\/www.flowerworksmarbella.com\/wp-content\/uploads\/2018\/05\/20180529_084734-e1527749079628-150x150.jpg\" alt=\"\" width=\"150\" height=\"150\" srcset=\"https:\/\/www.flowerworksmarbella.com\/wp-content\/uploads\/2018\/05\/20180529_084734-e1527749079628-150x150.jpg 150w, https:\/\/www.flowerworksmarbella.com\/wp-content\/uploads\/2018\/05\/20180529_084734-e1527749079628-100x100.jpg 100w\" sizes=\"auto, (max-width: 150px) 100vw, 150px\" \/>\u00a0 \u00a0<img loading=\"lazy\" decoding=\"async\" class=\"alignnone wp-image-46 size-thumbnail\" src=\"http:\/\/www.flowerworksmarbella.com\/wp-content\/uploads\/2018\/05\/20180516_151150-e1526842893844-150x150.jpg\" alt=\"\" width=\"150\" height=\"150\" srcset=\"https:\/\/www.flowerworksmarbella.com\/wp-content\/uploads\/2018\/05\/20180516_151150-e1526842893844-150x150.jpg 150w, https:\/\/www.flowerworksmarbella.com\/wp-content\/uploads\/2018\/05\/20180516_151150-e1526842893844-100x100.jpg 100w\" sizes=\"auto, (max-width: 150px) 100vw, 150px\" \/>\u00a0\u00a0 \u00a0<img loading=\"lazy\" decoding=\"async\" class=\"alignnone wp-image-73 size-thumbnail\" src=\"http:\/\/www.flowerworksmarbella.com\/wp-content\/uploads\/2018\/05\/20180523_140257-e1527749447257-150x150.jpg\" alt=\"\" width=\"150\" height=\"150\" srcset=\"https:\/\/www.flowerworksmarbella.com\/wp-content\/uploads\/2018\/05\/20180523_140257-e1527749447257-150x150.jpg 150w, https:\/\/www.flowerworksmarbella.com\/wp-content\/uploads\/2018\/05\/20180523_140257-e1527749447257-100x100.jpg 100w\" sizes=\"auto, (max-width: 150px) 100vw, 150px\" \/>\u00a0<img loading=\"lazy\" decoding=\"async\" class=\"alignnone wp-image-249 size-thumbnail\" src=\"https:\/\/www.flowerworksmarbella.com\/wp-content\/uploads\/2018\/09\/20180921_153850-e1537726063787-150x150.jpg\" alt=\"\" width=\"150\" height=\"150\" \/>\u00a0<img loading=\"lazy\" decoding=\"async\" class=\"alignnone wp-image-252 size-thumbnail\" src=\"https:\/\/www.flowerworksmarbella.com\/wp-content\/uploads\/2018\/09\/20180922_144128-e1537726168241-150x150.jpg\" alt=\"\" width=\"150\" height=\"150\" \/>\u00a0<img loading=\"lazy\" decoding=\"async\" class=\"alignnone wp-image-248 size-thumbnail\" src=\"https:\/\/www.flowerworksmarbella.com\/wp-content\/uploads\/2018\/09\/20180917_154643-150x150.jpg\" alt=\"\" width=\"150\" height=\"150\" \/><img loading=\"lazy\" decoding=\"async\" class=\"alignnone wp-image-74 size-thumbnail\" src=\"http:\/\/www.flowerworksmarbella.com\/wp-content\/uploads\/2018\/05\/20180524_114859-e1527749501854-150x150.jpg\" alt=\"\" width=\"150\" height=\"150\" srcset=\"https:\/\/www.flowerworksmarbella.com\/wp-content\/uploads\/2018\/05\/20180524_114859-e1527749501854-150x150.jpg 150w, https:\/\/www.flowerworksmarbella.com\/wp-content\/uploads\/2018\/05\/20180524_114859-e1527749501854-100x100.jpg 100w\" sizes=\"auto, (max-width: 150px) 100vw, 150px\" \/>\u00a0 \u00a0<img loading=\"lazy\" decoding=\"async\" class=\"alignnone wp-image-78 size-thumbnail\" src=\"http:\/\/www.flowerworksmarbella.com\/wp-content\/uploads\/2018\/05\/ArregloHalloween311016-150x150.jpg\" alt=\"\" width=\"150\" height=\"150\" srcset=\"https:\/\/www.flowerworksmarbella.com\/wp-content\/uploads\/2018\/05\/ArregloHalloween311016-150x150.jpg 150w, https:\/\/www.flowerworksmarbella.com\/wp-content\/uploads\/2018\/05\/ArregloHalloween311016-100x100.jpg 100w\" sizes=\"auto, (max-width: 150px) 100vw, 150px\" \/>\u00a0 \u00a0<img loading=\"lazy\" decoding=\"async\" class=\"alignnone wp-image-72 size-thumbnail\" src=\"http:\/\/www.flowerworksmarbella.com\/wp-content\/uploads\/2018\/05\/20180506_103930-150x150.jpg\" alt=\"\" width=\"150\" height=\"150\" srcset=\"https:\/\/www.flowerworksmarbella.com\/wp-content\/uploads\/2018\/05\/20180506_103930-150x150.jpg 150w, https:\/\/www.flowerworksmarbella.com\/wp-content\/uploads\/2018\/05\/20180506_103930-100x100.jpg 100w\" sizes=\"auto, (max-width: 150px) 100vw, 150px\" \/>\u00a0 \u00a0<img loading=\"lazy\" decoding=\"async\" class=\"alignnone wp-image-41 size-thumbnail\" src=\"http:\/\/www.flowerworksmarbella.com\/wp-content\/uploads\/2018\/05\/20180504_165412-e1526842460949-150x150.jpg\" alt=\"\" width=\"150\" height=\"150\" srcset=\"https:\/\/www.flowerworksmarbella.com\/wp-content\/uploads\/2018\/05\/20180504_165412-e1526842460949-150x150.jpg 150w, https:\/\/www.flowerworksmarbella.com\/wp-content\/uploads\/2018\/05\/20180504_165412-e1526842460949-100x100.jpg 100w\" sizes=\"auto, (max-width: 150px) 100vw, 150px\" \/>\u00a0 \u00a0<img loading=\"lazy\" decoding=\"async\" class=\"alignnone wp-image-42 size-thumbnail\" src=\"http:\/\/www.flowerworksmarbella.com\/wp-content\/uploads\/2018\/05\/20180504_171403-e1526842600667-150x150.jpg\" alt=\"\" width=\"150\" height=\"150\" srcset=\"https:\/\/www.flowerworksmarbella.com\/wp-content\/uploads\/2018\/05\/20180504_171403-e1526842600667-150x150.jpg 150w, https:\/\/www.flowerworksmarbella.com\/wp-content\/uploads\/2018\/05\/20180504_171403-e1526842600667-100x100.jpg 100w\" sizes=\"auto, (max-width: 150px) 100vw, 150px\" \/>\u00a0 \u00a0\u00a0<img loading=\"lazy\" decoding=\"async\" class=\"alignnone wp-image-97 size-thumbnail\" style=\"font-size: 1rem;\" src=\"http:\/\/www.flowerworksmarbella.com\/wp-content\/uploads\/2018\/06\/20180408_100902-150x150.jpg\" alt=\"\" width=\"150\" height=\"150\" srcset=\"https:\/\/www.flowerworksmarbella.com\/wp-content\/uploads\/2018\/06\/20180408_100902-150x150.jpg 150w, https:\/\/www.flowerworksmarbella.com\/wp-content\/uploads\/2018\/06\/20180408_100902-100x100.jpg 100w\" sizes=\"auto, (max-width: 150px) 100vw, 150px\" \/><span style=\"font-size: 1rem;\">\u00a0\u00a0<\/span>\u00a0 \u00a0<img loading=\"lazy\" decoding=\"async\" class=\"alignnone wp-image-145 size-thumbnail\" style=\"font-size: 1rem;\" src=\"https:\/\/www.flowerworksmarbella.com\/wp-content\/uploads\/2018\/08\/20180728_212231-150x150.jpg\" alt=\"\" width=\"150\" height=\"150\" srcset=\"https:\/\/www.flowerworksmarbella.com\/wp-content\/uploads\/2018\/08\/20180728_212231-150x150.jpg 150w, https:\/\/www.flowerworksmarbella.com\/wp-content\/uploads\/2018\/08\/20180728_212231-100x100.jpg 100w\" sizes=\"auto, (max-width: 150px) 100vw, 150px\" \/>\u00a0 \u00a0<img loading=\"lazy\" decoding=\"async\" class=\"alignnone wp-image-75 size-thumbnail\" style=\"font-size: 1rem;\" src=\"http:\/\/www.flowerworksmarbella.com\/wp-content\/uploads\/2018\/05\/20180512_121740-e1527749547913-150x150.jpg\" alt=\"\" width=\"150\" height=\"150\" srcset=\"https:\/\/www.flowerworksmarbella.com\/wp-content\/uploads\/2018\/05\/20180512_121740-e1527749547913-150x150.jpg 150w, https:\/\/www.flowerworksmarbella.com\/wp-content\/uploads\/2018\/05\/20180512_121740-e1527749547913-100x100.jpg 100w\" sizes=\"auto, (max-width: 150px) 100vw, 150px\" \/>\u00a0\u00a0<img loading=\"lazy\" decoding=\"async\" class=\"alignnone wp-image-112 size-thumbnail\" src=\"http:\/\/www.flowerworksmarbella.com\/wp-content\/uploads\/2018\/06\/20180614_145808-150x150.jpg\" alt=\"\" width=\"150\" height=\"150\" srcset=\"https:\/\/www.flowerworksmarbella.com\/wp-content\/uploads\/2018\/06\/20180614_145808-150x150.jpg 150w, https:\/\/www.flowerworksmarbella.com\/wp-content\/uploads\/2018\/06\/20180614_145808-100x100.jpg 100w\" sizes=\"auto, (max-width: 150px) 100vw, 150px\" \/>\u00a0 \u00a0<img loading=\"lazy\" decoding=\"async\" class=\"alignnone wp-image-125 size-thumbnail\" style=\"font-size: 1rem;\" src=\"http:\/\/www.flowerworksmarbella.com\/wp-content\/uploads\/2018\/06\/20180622_122136-150x150.jpg\" alt=\"\" width=\"150\" height=\"150\" srcset=\"https:\/\/www.flowerworksmarbella.com\/wp-content\/uploads\/2018\/06\/20180622_122136-150x150.jpg 150w, https:\/\/www.flowerworksmarbella.com\/wp-content\/uploads\/2018\/06\/20180622_122136-100x100.jpg 100w\" sizes=\"auto, (max-width: 150px) 100vw, 150px\" \/>\u00a0 \u00a0\u00a0<img loading=\"lazy\" decoding=\"async\" class=\"alignnone wp-image-121 size-thumbnail\" style=\"font-size: 1rem;\" src=\"http:\/\/www.flowerworksmarbella.com\/wp-content\/uploads\/2018\/06\/20180620_143923-150x150.jpg\" alt=\"\" width=\"150\" height=\"150\" srcset=\"https:\/\/www.flowerworksmarbella.com\/wp-content\/uploads\/2018\/06\/20180620_143923-150x150.jpg 150w, https:\/\/www.flowerworksmarbella.com\/wp-content\/uploads\/2018\/06\/20180620_143923-100x100.jpg 100w\" sizes=\"auto, (max-width: 150px) 100vw, 150px\" \/>\u00a0\u00a0<img loading=\"lazy\" decoding=\"async\" class=\"alignnone wp-image-129 size-thumbnail\" src=\"https:\/\/www.flowerworksmarbella.com\/wp-content\/uploads\/2018\/06\/20180622_154146-1-150x150.jpg\" alt=\"\" width=\"150\" height=\"150\" srcset=\"https:\/\/www.flowerworksmarbella.com\/wp-content\/uploads\/2018\/06\/20180622_154146-1-150x150.jpg 150w, https:\/\/www.flowerworksmarbella.com\/wp-content\/uploads\/2018\/06\/20180622_154146-1-100x100.jpg 100w\" sizes=\"auto, (max-width: 150px) 100vw, 150px\" \/>\u00a0\u00a0<img loading=\"lazy\" decoding=\"async\" class=\"alignnone wp-image-157 size-thumbnail\" src=\"https:\/\/www.flowerworksmarbella.com\/wp-content\/uploads\/2018\/08\/20180810_092018-e1534318304415-150x150.jpg\" alt=\"\" width=\"150\" height=\"150\" srcset=\"https:\/\/www.flowerworksmarbella.com\/wp-content\/uploads\/2018\/08\/20180810_092018-e1534318304415-150x150.jpg 150w, https:\/\/www.flowerworksmarbella.com\/wp-content\/uploads\/2018\/08\/20180810_092018-e1534318304415-100x100.jpg 100w\" sizes=\"auto, (max-width: 150px) 100vw, 150px\" \/>\u00a0 <img loading=\"lazy\" decoding=\"async\" class=\"alignnone wp-image-143 size-thumbnail\" src=\"https:\/\/www.flowerworksmarbella.com\/wp-content\/uploads\/2018\/08\/20180724_134726-e1533535156382-150x150.jpg\" alt=\"\" width=\"150\" height=\"150\" srcset=\"https:\/\/www.flowerworksmarbella.com\/wp-content\/uploads\/2018\/08\/20180724_134726-e1533535156382-150x150.jpg 150w, https:\/\/www.flowerworksmarbella.com\/wp-content\/uploads\/2018\/08\/20180724_134726-e1533535156382-100x100.jpg 100w\" sizes=\"auto, (max-width: 150px) 100vw, 150px\" \/>\u00a0<img loading=\"lazy\" decoding=\"async\" class=\"alignnone wp-image-148 size-thumbnail\" src=\"https:\/\/www.flowerworksmarbella.com\/wp-content\/uploads\/2018\/08\/20180723_151626-150x150.jpg\" alt=\"\" width=\"150\" height=\"150\" srcset=\"https:\/\/www.flowerworksmarbella.com\/wp-content\/uploads\/2018\/08\/20180723_151626-150x150.jpg 150w, https:\/\/www.flowerworksmarbella.com\/wp-content\/uploads\/2018\/08\/20180723_151626-100x100.jpg 100w\" sizes=\"auto, (max-width: 150px) 100vw, 150px\" \/>\u00a0 \u00a0<img loading=\"lazy\" decoding=\"async\" class=\"alignnone wp-image-146 size-thumbnail\" src=\"https:\/\/www.flowerworksmarbella.com\/wp-content\/uploads\/2018\/08\/20180730_180731-e1533535229771-150x150.jpg\" alt=\"\" width=\"150\" height=\"150\" srcset=\"https:\/\/www.flowerworksmarbella.com\/wp-content\/uploads\/2018\/08\/20180730_180731-e1533535229771-150x150.jpg 150w, https:\/\/www.flowerworksmarbella.com\/wp-content\/uploads\/2018\/08\/20180730_180731-e1533535229771-100x100.jpg 100w\" sizes=\"auto, (max-width: 150px) 100vw, 150px\" \/>\u00a0\u00a0<img loading=\"lazy\" decoding=\"async\" class=\"alignnone wp-image-141 size-thumbnail\" src=\"https:\/\/www.flowerworksmarbella.com\/wp-content\/uploads\/2018\/08\/20180716_123912-e1533535091364-150x150.jpg\" alt=\"\" width=\"150\" height=\"150\" srcset=\"https:\/\/www.flowerworksmarbella.com\/wp-content\/uploads\/2018\/08\/20180716_123912-e1533535091364-150x150.jpg 150w, https:\/\/www.flowerworksmarbella.com\/wp-content\/uploads\/2018\/08\/20180716_123912-e1533535091364-100x100.jpg 100w\" sizes=\"auto, (max-width: 150px) 100vw, 150px\" \/>\u00a0<img loading=\"lazy\" decoding=\"async\" class=\"alignnone wp-image-233 size-thumbnail\" src=\"https:\/\/www.flowerworksmarbella.com\/wp-content\/uploads\/2018\/09\/20180823_131813-150x150.jpg\" alt=\"\" width=\"150\" height=\"150\" \/>\u00a0<img loading=\"lazy\" decoding=\"async\" class=\"alignnone wp-image-236 size-thumbnail\" src=\"https:\/\/www.flowerworksmarbella.com\/wp-content\/uploads\/2018\/09\/20180904_145123-150x150.jpg\" alt=\"\" width=\"150\" height=\"150\" \/>\u00a0<img loading=\"lazy\" decoding=\"async\" class=\"alignnone wp-image-245 size-thumbnail\" src=\"https:\/\/www.flowerworksmarbella.com\/wp-content\/uploads\/2018\/09\/20180912_165145-150x150.jpg\" alt=\"\" width=\"150\" height=\"150\" \/>\u00a0<img loading=\"lazy\" decoding=\"async\" class=\"alignnone wp-image-242 size-thumbnail\" src=\"https:\/\/www.flowerworksmarbella.com\/wp-content\/uploads\/2018\/09\/20180910_141659-150x150.jpg\" alt=\"\" width=\"150\" height=\"150\" \/><\/p>\n<p>&nbsp;<\/p>\n<p>Decoraci\u00f3n Floral: Restaurantes, Hoteles, Particulares<\/p>\n<p><img loading=\"lazy\" decoding=\"async\" class=\"alignnone wp-image-69 size-thumbnail\" src=\"http:\/\/www.flowerworksmarbella.com\/wp-content\/uploads\/2018\/05\/20180529_105615-e1527749187982-150x150.jpg\" alt=\"\" width=\"150\" height=\"150\" srcset=\"https:\/\/www.flowerworksmarbella.com\/wp-content\/uploads\/2018\/05\/20180529_105615-e1527749187982-150x150.jpg 150w, https:\/\/www.flowerworksmarbella.com\/wp-content\/uploads\/2018\/05\/20180529_105615-e1527749187982-100x100.jpg 100w\" sizes=\"auto, (max-width: 150px) 100vw, 150px\" \/>\u00a0 \u00a0<img loading=\"lazy\" decoding=\"async\" class=\"alignnone wp-image-77 size-thumbnail\" src=\"http:\/\/www.flowerworksmarbella.com\/wp-content\/uploads\/2018\/05\/20180528_155304-e1527749637494-150x150.jpg\" alt=\"\" width=\"150\" height=\"150\" srcset=\"https:\/\/www.flowerworksmarbella.com\/wp-content\/uploads\/2018\/05\/20180528_155304-e1527749637494-150x150.jpg 150w, https:\/\/www.flowerworksmarbella.com\/wp-content\/uploads\/2018\/05\/20180528_155304-e1527749637494-100x100.jpg 100w\" sizes=\"auto, (max-width: 150px) 100vw, 150px\" \/>\u00a0\u00a0<img loading=\"lazy\" decoding=\"async\" class=\"alignnone wp-image-93 size-thumbnail\" style=\"font-size: 1rem;\" src=\"http:\/\/www.flowerworksmarbella.com\/wp-content\/uploads\/2018\/06\/20151226_141346-150x150.jpg\" alt=\"\" width=\"150\" height=\"150\" srcset=\"https:\/\/www.flowerworksmarbella.com\/wp-content\/uploads\/2018\/06\/20151226_141346-150x150.jpg 150w, https:\/\/www.flowerworksmarbella.com\/wp-content\/uploads\/2018\/06\/20151226_141346-100x100.jpg 100w\" sizes=\"auto, (max-width: 150px) 100vw, 150px\" \/><\/p>\n<p><img loading=\"lazy\" decoding=\"async\" class=\"alignnone size-medium wp-image-91\" src=\"http:\/\/www.flowerworksmarbella.com\/wp-content\/uploads\/2018\/06\/20151126_142826-300x169.jpg\" alt=\"\" width=\"300\" height=\"169\" srcset=\"https:\/\/www.flowerworksmarbella.com\/wp-content\/uploads\/2018\/06\/20151126_142826-300x169.jpg 300w, https:\/\/www.flowerworksmarbella.com\/wp-content\/uploads\/2018\/06\/20151126_142826-768x432.jpg 768w, https:\/\/www.flowerworksmarbella.com\/wp-content\/uploads\/2018\/06\/20151126_142826-1024x576.jpg 1024w\" sizes=\"auto, (max-width: 300px) 100vw, 300px\" \/>\u00a0 \u00a0 \u00a0<img loading=\"lazy\" decoding=\"async\" class=\"alignnone wp-image-158 size-thumbnail\" src=\"https:\/\/www.flowerworksmarbella.com\/wp-content\/uploads\/2018\/08\/20180808_152557-150x150.jpg\" alt=\"\" width=\"150\" height=\"150\" srcset=\"https:\/\/www.flowerworksmarbella.com\/wp-content\/uploads\/2018\/08\/20180808_152557-150x150.jpg 150w, https:\/\/www.flowerworksmarbella.com\/wp-content\/uploads\/2018\/08\/20180808_152557-100x100.jpg 100w\" sizes=\"auto, (max-width: 150px) 100vw, 150px\" \/><\/p>\n<p><img loading=\"lazy\" decoding=\"async\" class=\"alignnone wp-image-131 size-medium\" src=\"http:\/\/www.flowerworksmarbella.com\/wp-content\/uploads\/2018\/06\/20180625_163228-e1530047309605-225x300.jpg\" alt=\"\" width=\"225\" height=\"300\" srcset=\"https:\/\/www.flowerworksmarbella.com\/wp-content\/uploads\/2018\/06\/20180625_163228-e1530047309605-225x300.jpg 225w, https:\/\/www.flowerworksmarbella.com\/wp-content\/uploads\/2018\/06\/20180625_163228-e1530047309605-768x1024.jpg 768w\" sizes=\"auto, (max-width: 225px) 100vw, 225px\" \/>\u00a0\u00a0<img loading=\"lazy\" decoding=\"async\" class=\"alignnone wp-image-48 size-medium\" src=\"http:\/\/www.flowerworksmarbella.com\/wp-content\/uploads\/2018\/05\/20180326_093244-e1526842974122-225x300.jpg\" alt=\"\" width=\"225\" height=\"300\" srcset=\"https:\/\/www.flowerworksmarbella.com\/wp-content\/uploads\/2018\/05\/20180326_093244-e1526842974122-225x300.jpg 225w, https:\/\/www.flowerworksmarbella.com\/wp-content\/uploads\/2018\/05\/20180326_093244-e1526842974122-768x1024.jpg 768w\" sizes=\"auto, (max-width: 225px) 100vw, 225px\" \/><\/p>\n<p><img loading=\"lazy\" decoding=\"async\" class=\"alignnone wp-image-156 size-thumbnail\" src=\"https:\/\/www.flowerworksmarbella.com\/wp-content\/uploads\/2018\/08\/20180804_141625-1-150x150.jpg\" alt=\"\" width=\"150\" height=\"150\" srcset=\"https:\/\/www.flowerworksmarbella.com\/wp-content\/uploads\/2018\/08\/20180804_141625-1-150x150.jpg 150w, https:\/\/www.flowerworksmarbella.com\/wp-content\/uploads\/2018\/08\/20180804_141625-1-100x100.jpg 100w\" sizes=\"auto, (max-width: 150px) 100vw, 150px\" \/>\u00a0<img loading=\"lazy\" decoding=\"async\" class=\"alignnone wp-image-160 size-thumbnail\" src=\"https:\/\/www.flowerworksmarbella.com\/wp-content\/uploads\/2018\/08\/20180812_113249-150x150.jpg\" alt=\"\" width=\"150\" height=\"150\" srcset=\"https:\/\/www.flowerworksmarbella.com\/wp-content\/uploads\/2018\/08\/20180812_113249-150x150.jpg 150w, https:\/\/www.flowerworksmarbella.com\/wp-content\/uploads\/2018\/08\/20180812_113249-100x100.jpg 100w\" sizes=\"auto, (max-width: 150px) 100vw, 150px\" \/>\u00a0<img loading=\"lazy\" decoding=\"async\" class=\"alignnone wp-image-163 size-thumbnail\" src=\"https:\/\/www.flowerworksmarbella.com\/wp-content\/uploads\/2018\/08\/20180706_123414-e1534318483141-150x150.jpg\" alt=\"\" width=\"150\" height=\"150\" srcset=\"https:\/\/www.flowerworksmarbella.com\/wp-content\/uploads\/2018\/08\/20180706_123414-e1534318483141-150x150.jpg 150w, https:\/\/www.flowerworksmarbella.com\/wp-content\/uploads\/2018\/08\/20180706_123414-e1534318483141-100x100.jpg 100w\" sizes=\"auto, (max-width: 150px) 100vw, 150px\" \/>\u00a0\u00a0<img loading=\"lazy\" decoding=\"async\" class=\"alignnone wp-image-161 size-thumbnail\" src=\"https:\/\/www.flowerworksmarbella.com\/wp-content\/uploads\/2018\/08\/20180803_142356-150x150.jpg\" alt=\"\" width=\"150\" height=\"150\" srcset=\"https:\/\/www.flowerworksmarbella.com\/wp-content\/uploads\/2018\/08\/20180803_142356-150x150.jpg 150w, https:\/\/www.flowerworksmarbella.com\/wp-content\/uploads\/2018\/08\/20180803_142356-100x100.jpg 100w\" sizes=\"auto, (max-width: 150px) 100vw, 150px\" \/>\u00a0<img loading=\"lazy\" decoding=\"async\" class=\"alignnone wp-image-162 size-thumbnail\" src=\"https:\/\/www.flowerworksmarbella.com\/wp-content\/uploads\/2018\/08\/20180713_161811-e1534318413233-150x150.jpg\" alt=\"\" width=\"150\" height=\"150\" srcset=\"https:\/\/www.flowerworksmarbella.com\/wp-content\/uploads\/2018\/08\/20180713_161811-e1534318413233-150x150.jpg 150w, https:\/\/www.flowerworksmarbella.com\/wp-content\/uploads\/2018\/08\/20180713_161811-e1534318413233-100x100.jpg 100w\" sizes=\"auto, (max-width: 150px) 100vw, 150px\" \/><\/p>\n","protected":false},"excerpt":{"rendered":"<p>Eventos: Bodas, Celebraciones, Reuniones, Funerales \u00a0 \u00a0\u00a0 \u00a0\u00a0 \u00a0\u00a0 \u00a0\u00a0 \u00a0\u00a0 \u00a0\u00a0 \u00a0\u00a0 \u00a0\u00a0\u00a0\u00a0 D\u00edas se\u00f1alados: San Valent\u00edn, D\u00eda de la Madre, Cumplea\u00f1os, Aniversarios, Todos los Santos \u00a0 \u00a0\u00a0\u00a0 \u00a0\u00a0\u00a0\u00a0\u00a0 \u00a0\u00a0 \u00a0\u00a0 \u00a0\u00a0 \u00a0\u00a0 \u00a0\u00a0\u00a0\u00a0\u00a0 \u00a0\u00a0 \u00a0\u00a0\u00a0\u00a0 \u00a0\u00a0 \u00a0\u00a0\u00a0\u00a0\u00a0\u00a0\u00a0 \u00a0\u00a0 &hellip; <a href=\"https:\/\/www.flowerworksmarbella.com\/index.php\/que-ofrecemos\/\">Continue reading <span class=\"meta-nav\">&rarr;<\/span><\/a><\/p>\n","protected":false},"author":1,"featured_media":0,"parent":0,"menu_order":2,"comment_status":"closed","ping_status":"closed","template":"","meta":{"footnotes":""},"class_list":["post-16","page","type-page","status-publish","hentry"],"_links":{"self":[{"href":"https:\/\/www.flowerworksmarbella.com\/index.php\/wp-json\/wp\/v2\/pages\/16","targetHints":{"allow":["GET"]}}],"collection":[{"href":"https:\/\/www.flowerworksmarbella.com\/index.php\/wp-json\/wp\/v2\/pages"}],"about":[{"href":"https:\/\/www.flowerworksmarbella.com\/index.php\/wp-json\/wp\/v2\/types\/page"}],"author":[{"embeddable":true,"href":"https:\/\/www.flowerworksmarbella.com\/index.php\/wp-json\/wp\/v2\/users\/1"}],"replies":[{"embeddable":true,"href":"https:\/\/www.flowerworksmarbella.com\/index.php\/wp-json\/wp\/v2\/comments?post=16"}],"version-history":[{"count":18,"href":"https:\/\/www.flowerworksmarbella.com\/index.php\/wp-json\/wp\/v2\/pages\/16\/revisions"}],"predecessor-version":[{"id":255,"href":"https:\/\/www.flowerworksmarbella.com\/index.php\/wp-json\/wp\/v2\/pages\/16\/revisions\/255"}],"wp:attachment":[{"href":"https:\/\/www.flowerworksmarbella.com\/index.php\/wp-json\/wp\/v2\/media?parent=16"}],"curies":[{"name":"wp","href":"https:\/\/api.w.org\/{rel}","templated":true}]}}