{"id":18,"date":"2018-05-20T18:05:37","date_gmt":"2018-05-20T18:05:37","guid":{"rendered":"http:\/\/www.flowerworksmarbella.com\/?page_id=18"},"modified":"2025-08-29T10:00:17","modified_gmt":"2025-08-29T10:00:17","slug":"quienes-somos","status":"publish","type":"page","link":"https:\/\/www.flowerworksmarbella.com\/index.php\/quienes-somos\/","title":{"rendered":"Qui\u00e9nes somos"},"content":{"rendered":"<p>FlowerWorks, se podr\u00eda traducir como \u201cobras de flores\u201d, y es el despertar de un sue\u00f1o nacido de una gran pasi\u00f3n por las flores y plantas de nuestro entorno. Mi nombre es Marisa Lucena, me licenci\u00e9 en Administraci\u00f3n y Direcci\u00f3n de Empresa en Inglaterra y posteriormente estuve trabajando muchos a\u00f1os en Marketing y Comunicaci\u00f3n para multinacionales de la inform\u00e1tica en Paris y M\u00fanich. Al regresar a Marbella, lugar donde nac\u00ed y me cri\u00e9, trabaj\u00e9 en la empresa familiar, pero me d\u00ed cuenta que mi verdadera vocaci\u00f3n estaba ligada al trabajo con flores y plantas que ya me apasionaban de peque\u00f1a. En 2012 me form\u00e9 en la Escuela Andaluza de Arte Floral y empec\u00e9 a hacer peque\u00f1os trabajos. Desde entonces he trabajado en florister\u00edas, por cuenta propia y colaborado con otros floristas, sin dejar de asistir a ferias y eventos de la industria. Ahora desde FlowerWorks quiero ofrecer mi experiencia y dedicaci\u00f3n al mundo del dise\u00f1o floral para enriquecer cada uno de sus momentos especiales.<\/p>\n<p><img loading=\"lazy\" decoding=\"async\" class=\"alignnone size-medium wp-image-191\" src=\"https:\/\/www.flowerworksmarbella.com\/wp-content\/uploads\/2018\/08\/20180616_122622-e1534497934709-225x300.jpg\" alt=\"\" width=\"225\" height=\"300\" srcset=\"https:\/\/www.flowerworksmarbella.com\/wp-content\/uploads\/2018\/08\/20180616_122622-e1534497934709-225x300.jpg 225w, https:\/\/www.flowerworksmarbella.com\/wp-content\/uploads\/2018\/08\/20180616_122622-e1534497934709-768x1024.jpg 768w\" sizes=\"auto, (max-width: 225px) 100vw, 225px\" \/><img loading=\"lazy\" decoding=\"async\" class=\"alignnone size-medium wp-image-193\" src=\"https:\/\/www.flowerworksmarbella.com\/wp-content\/uploads\/2018\/08\/20180602_142037-300x225.jpg\" alt=\"\" width=\"300\" height=\"225\" srcset=\"https:\/\/www.flowerworksmarbella.com\/wp-content\/uploads\/2018\/08\/20180602_142037-300x225.jpg 300w, https:\/\/www.flowerworksmarbella.com\/wp-content\/uploads\/2018\/08\/20180602_142037-768x576.jpg 768w, https:\/\/www.flowerworksmarbella.com\/wp-content\/uploads\/2018\/08\/20180602_142037-1024x768.jpg 1024w, https:\/\/www.flowerworksmarbella.com\/wp-content\/uploads\/2018\/08\/20180602_142037-400x300.jpg 400w\" sizes=\"auto, (max-width: 300px) 100vw, 300px\" \/><\/p>\n<p>Gracias a los que me han acompa\u00f1ado en este camino y a los que vendr\u00e1n.<\/p>\n","protected":false},"excerpt":{"rendered":"<p>FlowerWorks, se podr\u00eda traducir como \u201cobras de flores\u201d, y es el despertar de un sue\u00f1o nacido de una gran pasi\u00f3n por las flores y plantas de nuestro entorno. Mi nombre es Marisa Lucena, me licenci\u00e9 en Administraci\u00f3n y Direcci\u00f3n de &hellip; <a href=\"https:\/\/www.flowerworksmarbella.com\/index.php\/quienes-somos\/\">Continue reading <span class=\"meta-nav\">&rarr;<\/span><\/a><\/p>\n","protected":false},"author":1,"featured_media":0,"parent":0,"menu_order":3,"comment_status":"closed","ping_status":"closed","template":"","meta":{"footnotes":""},"class_list":["post-18","page","type-page","status-publish","hentry"],"_links":{"self":[{"href":"https:\/\/www.flowerworksmarbella.com\/index.php\/wp-json\/wp\/v2\/pages\/18","targetHints":{"allow":["GET"]}}],"collection":[{"href":"https:\/\/www.flowerworksmarbella.com\/index.php\/wp-json\/wp\/v2\/pages"}],"about":[{"href":"https:\/\/www.flowerworksmarbella.com\/index.php\/wp-json\/wp\/v2\/types\/page"}],"author":[{"embeddable":true,"href":"https:\/\/www.flowerworksmarbella.com\/index.php\/wp-json\/wp\/v2\/users\/1"}],"replies":[{"embeddable":true,"href":"https:\/\/www.flowerworksmarbella.com\/index.php\/wp-json\/wp\/v2\/comments?post=18"}],"version-history":[{"count":3,"href":"https:\/\/www.flowerworksmarbella.com\/index.php\/wp-json\/wp\/v2\/pages\/18\/revisions"}],"predecessor-version":[{"id":269,"href":"https:\/\/www.flowerworksmarbella.com\/index.php\/wp-json\/wp\/v2\/pages\/18\/revisions\/269"}],"wp:attachment":[{"href":"https:\/\/www.flowerworksmarbella.com\/index.php\/wp-json\/wp\/v2\/media?parent=18"}],"curies":[{"name":"wp","href":"https:\/\/api.w.org\/{rel}","templated":true}]}}