{"id":2,"date":"2018-05-15T06:43:32","date_gmt":"2018-05-15T06:43:32","guid":{"rendered":"http:\/\/www.flowerworksmarbella.com\/?page_id=2"},"modified":"2018-08-18T12:51:06","modified_gmt":"2018-08-18T12:51:06","slug":"pagina-ejemplo","status":"publish","type":"page","link":"https:\/\/www.flowerworksmarbella.com\/","title":{"rendered":"Inicio"},"content":{"rendered":"<p>FlowerWorks es una f\u00f3rmula que combina pasi\u00f3n y dedicaci\u00f3n, creatividad y un genuino inter\u00e9s por nuevas t\u00e9cnicas del mundo del dise\u00f1o floral puestas al servicio del cliente para cada ocasi\u00f3n \u00fanica.<\/p>\n<p>Las flores m\u00e1s all\u00e1 de su belleza transmiten sentimientos y es este poderoso significado que las hace id\u00f3neas para decorar cualquier evento.<\/p>\n<p>Ofrecemos arreglos florales para cualquier ocasi\u00f3n especial, ya sea un evento como una boda, una comuni\u00f3n, una fiesta de cumplea\u00f1os o aniversario, reuniones de negocios o un funeral as\u00ed como para d\u00edas se\u00f1alados como el d\u00eda de la madre o San Valent\u00edn. Sin olvidar una decoraci\u00f3n puntual o algo m\u00e1s habitual\u2026.o simplemente porque s\u00ed.<\/p>\n<p>Podemos trabajar con flor natural o artificial, en una gran variedad de colores y formatos. Siempre con mimo, originalidad y calidad.<\/p>\n<p>Cons\u00faltenos y le guiaremos para realizar un arreglo que se ajuste a sus expectativas.<\/p>\n","protected":false},"excerpt":{"rendered":"<p>FlowerWorks es una f\u00f3rmula que combina pasi\u00f3n y dedicaci\u00f3n, creatividad y un genuino inter\u00e9s por nuevas t\u00e9cnicas del mundo del dise\u00f1o floral puestas al servicio del cliente para cada ocasi\u00f3n \u00fanica. Las flores m\u00e1s all\u00e1 de su belleza transmiten sentimientos &hellip; <a href=\"https:\/\/www.flowerworksmarbella.com\/\">Continue reading <span class=\"meta-nav\">&rarr;<\/span><\/a><\/p>\n","protected":false},"author":1,"featured_media":0,"parent":0,"menu_order":1,"comment_status":"closed","ping_status":"open","template":"","meta":{"footnotes":""},"class_list":["post-2","page","type-page","status-publish","hentry"],"_links":{"self":[{"href":"https:\/\/www.flowerworksmarbella.com\/index.php\/wp-json\/wp\/v2\/pages\/2","targetHints":{"allow":["GET"]}}],"collection":[{"href":"https:\/\/www.flowerworksmarbella.com\/index.php\/wp-json\/wp\/v2\/pages"}],"about":[{"href":"https:\/\/www.flowerworksmarbella.com\/index.php\/wp-json\/wp\/v2\/types\/page"}],"author":[{"embeddable":true,"href":"https:\/\/www.flowerworksmarbella.com\/index.php\/wp-json\/wp\/v2\/users\/1"}],"replies":[{"embeddable":true,"href":"https:\/\/www.flowerworksmarbella.com\/index.php\/wp-json\/wp\/v2\/comments?post=2"}],"version-history":[{"count":3,"href":"https:\/\/www.flowerworksmarbella.com\/index.php\/wp-json\/wp\/v2\/pages\/2\/revisions"}],"predecessor-version":[{"id":189,"href":"https:\/\/www.flowerworksmarbella.com\/index.php\/wp-json\/wp\/v2\/pages\/2\/revisions\/189"}],"wp:attachment":[{"href":"https:\/\/www.flowerworksmarbella.com\/index.php\/wp-json\/wp\/v2\/media?parent=2"}],"curies":[{"name":"wp","href":"https:\/\/api.w.org\/{rel}","templated":true}]}}